{"id":4400,"date":"2021-10-12T15:51:09","date_gmt":"2021-10-12T15:51:09","guid":{"rendered":"http:\/\/dummy.xtemos.com\/woodmart2\/elementor\/?page_id=4400"},"modified":"2025-08-11T09:37:16","modified_gmt":"2025-08-11T09:37:16","slug":"about-us-3","status":"publish","type":"page","link":"https:\/\/renhalikoltukyikama.com.tr\/?page_id=4400","title":{"rendered":"Hakk\u0131m\u0131zda"},"content":{"rendered":"\t\t<div data-elementor-type=\"wp-page\" data-elementor-id=\"4400\" class=\"elementor elementor-4400\">\n\t\t\t\t<div class=\"wd-negative-gap elementor-element elementor-element-7c7c544 e-flex e-con-boxed e-con e-parent\" data-id=\"7c7c544\" data-element_type=\"container\">\n\t\t\t\t\t<div class=\"e-con-inner\">\n\t\t<div class=\"elementor-element elementor-element-e7cb5cd e-con-full e-flex e-con e-child\" data-id=\"e7cb5cd\" data-element_type=\"container\">\n\t\t\t\t<div class=\"elementor-element elementor-element-56aec39 elementor-widget elementor-widget-wd_image_or_svg\" data-id=\"56aec39\" data-element_type=\"widget\" data-widget_type=\"wd_image_or_svg.default\">\n\t\t\t\t<div class=\"elementor-widget-container\">\n\t\t\t\t\t\n\t\t<div class=\"wd-image text-left\">\n\t\t\t\t\t\t\t\t<img fetchpriority=\"high\" decoding=\"async\" width=\"582\" height=\"410\" src=\"https:\/\/renhalikoltukyikama.com.tr\/wp-content\/uploads\/2025\/08\/WhatsApp-Image-2025-08-11-at-10.02.28-2.jpeg\" class=\"attachment-full size-full\" alt=\"\" srcset=\"https:\/\/renhalikoltukyikama.com.tr\/wp-content\/uploads\/2025\/08\/WhatsApp-Image-2025-08-11-at-10.02.28-2.jpeg 582w, https:\/\/renhalikoltukyikama.com.tr\/wp-content\/uploads\/2025\/08\/WhatsApp-Image-2025-08-11-at-10.02.28-2-400x282.jpeg 400w, https:\/\/renhalikoltukyikama.com.tr\/wp-content\/uploads\/2025\/08\/WhatsApp-Image-2025-08-11-at-10.02.28-2-430x303.jpeg 430w, https:\/\/renhalikoltukyikama.com.tr\/wp-content\/uploads\/2025\/08\/WhatsApp-Image-2025-08-11-at-10.02.28-2-150x106.jpeg 150w\" sizes=\"(max-width: 582px) 100vw, 582px\" \/>\t\t\t\t\t<\/div>\n\n\t\t\t\t\t\t<\/div>\n\t\t\t\t<\/div>\n\t\t\t\t<\/div>\n\t\t<div class=\"elementor-element elementor-element-97d6084 e-con-full e-flex e-con e-child\" data-id=\"97d6084\" data-element_type=\"container\">\n\t\t\t\t<div class=\"elementor-element elementor-element-98d830b elementor-widget__width-initial wd-width-100 elementor-widget elementor-widget-wd_title\" data-id=\"98d830b\" data-element_type=\"widget\" data-widget_type=\"wd_title.default\">\n\t\t\t\t<div class=\"elementor-widget-container\">\n\t\t\t\t\t\t\t\t<link rel=\"stylesheet\" id=\"wd-section-title-css\" href=\"https:\/\/renhalikoltukyikama.com.tr\/wp-content\/themes\/woodmart\/css\/parts\/el-section-title.min.css?ver=7.6.0\" type=\"text\/css\" media=\"all\" \/> \t\t\t\t\t<div class=\"title-wrapper set-mb-s reset-last-child wd-title-color-primary wd-title-style-default wd-title-size-large text-left\">\n\n\t\t\t\t\t\t\t<div class=\"title-subtitle subtitle-color-primary subtitle-style-default wd-fontsize-xs\">\n\t\t\t\t\tRen Hal\u0131 Koltuk Y\u0131kama\t\t\t\t<\/div>\n\t\t\t\n\t\t\t<div class=\"liner-continer\">\n\t\t\t\t<h4 class=\"woodmart-title-container title wd-fontsize-xxl\">Hak\u0131m\u0131zda<\/h4> \n\t\t\t\t\t\t\t<\/div>\n\n\t\t\t\t\t\t\t<div class=\"title-after_title set-cont-mb-s reset-last-child wd-fontsize-s\">\n\t\t\t\t\t<p><i>\u00a0<\/i><\/p>\t\t\t\t<\/div>\n\t\t\t\t\t<\/div>\n\t\t\t\t\t\t<\/div>\n\t\t\t\t<\/div>\n\t\t\t\t<div class=\"elementor-element elementor-element-66e47ad elementor-widget elementor-widget-wd_text_block\" data-id=\"66e47ad\" data-element_type=\"widget\" data-widget_type=\"wd_text_block.default\">\n\t\t\t\t<div class=\"elementor-widget-container\">\n\t\t\t\t\t\t\t\t<link rel=\"stylesheet\" id=\"wd-text-block-css\" href=\"https:\/\/renhalikoltukyikama.com.tr\/wp-content\/themes\/woodmart\/css\/parts\/el-text-block.min.css?ver=7.6.0\" type=\"text\/css\" media=\"all\" \/> \t\t\t\t\t<div class=\"wd-text-block reset-last-child text-left\">\n\t\t\t\n\t\t\t<p data-start=\"133\" data-end=\"400\">Temizlikte kaliteyi, hijyeni ve m\u00fc\u015fteri memnuniyetini \u00f6n planda tutarak yola \u00e7\u0131kt\u0131k. Hal\u0131, koltuk, yatak ve yorgan y\u0131kama hizmetlerimizi; modern teknoloji, profesyonel ekip ve \u00e7evre dostu temizlik \u00fcr\u00fcnleriyle birle\u015ftirerek sizlere en iyi sonucu sunmay\u0131 ama\u00e7l\u0131yoruz.<\/p><p data-start=\"402\" data-end=\"691\">Kuruldu\u011fumuz g\u00fcnden bu yana, yaln\u0131zca y\u00fczeysel temizlik de\u011fil, derinlemesine hijyen sa\u011flamay\u0131 ilke edindik. Kulland\u0131\u011f\u0131m\u0131z son teknoloji y\u0131kama makineleri ve sa\u011fl\u0131\u011fa zarars\u0131z temizlik \u00fcr\u00fcnleri sayesinde, e\u015fyalar\u0131n\u0131z\u0131n dokusuna zarar vermeden, uzun \u00f6m\u00fcrl\u00fc ve ferah bir temizlik sa\u011fl\u0131yoruz.<\/p><p data-start=\"693\" data-end=\"1013\">M\u00fc\u015fterilerimize <strong data-start=\"709\" data-end=\"728\">\u00fccretsiz servis<\/strong> imk\u00e2n\u0131 sunarak, hal\u0131 ve koltuklar\u0131n\u0131z\u0131 adresinizden al\u0131yor, profesyonel y\u0131kama i\u015flemlerinden sonra yine adresinize teslim ediyoruz. Zaman\u0131nda teslim, garantili temizlik ve g\u00fclery\u00fczl\u00fc hizmet anlay\u0131\u015f\u0131m\u0131zla, evinizde ve i\u015f yerinizde sa\u011fl\u0131kl\u0131 ya\u015fam alanlar\u0131 olu\u015fturmak i\u00e7in \u00e7al\u0131\u015f\u0131yoruz.<\/p><p data-start=\"1015\" data-end=\"1112\">Bizim i\u00e7in temizlik sadece bir hizmet de\u011fil, ayn\u0131 zamanda g\u00fcvenin ve memnuniyetin garantisidir.<\/p><p data-start=\"1114\" data-end=\"1168\"><strong data-start=\"1114\" data-end=\"1127\">Mottomuz:<\/strong> <em data-start=\"1128\" data-end=\"1166\">\u201cTemizlikte G\u00fcven, Hizmette Kalite.\u201d<\/em><\/p><p>\u00a0<\/p>\n\t\t\t\t\t<\/div>\n\t\t\t\t\t\t<\/div>\n\t\t\t\t<\/div>\n\t\t\t\t<\/div>\n\t\t\t\t\t<\/div>\n\t\t\t\t<\/div>\n\t\t\t\t<\/div>\n\t\t","protected":false},"excerpt":{"rendered":"<p>Ren Hal\u0131 Koltuk Y\u0131kama Hak\u0131m\u0131zda \u00a0 Temizlikte kaliteyi, hijyeni ve m\u00fc\u015fteri memnuniyetini \u00f6n planda tutarak yola \u00e7\u0131kt\u0131k. Hal\u0131, koltuk, yatak<\/p>\n","protected":false},"author":1,"featured_media":0,"parent":0,"menu_order":0,"comment_status":"closed","ping_status":"closed","template":"","meta":{"footnotes":""},"class_list":["post-4400","page","type-page","status-publish","hentry"],"_links":{"self":[{"href":"https:\/\/renhalikoltukyikama.com.tr\/index.php?rest_route=\/wp\/v2\/pages\/4400","targetHints":{"allow":["GET"]}}],"collection":[{"href":"https:\/\/renhalikoltukyikama.com.tr\/index.php?rest_route=\/wp\/v2\/pages"}],"about":[{"href":"https:\/\/renhalikoltukyikama.com.tr\/index.php?rest_route=\/wp\/v2\/types\/page"}],"author":[{"embeddable":true,"href":"https:\/\/renhalikoltukyikama.com.tr\/index.php?rest_route=\/wp\/v2\/users\/1"}],"replies":[{"embeddable":true,"href":"https:\/\/renhalikoltukyikama.com.tr\/index.php?rest_route=%2Fwp%2Fv2%2Fcomments&post=4400"}],"version-history":[{"count":4,"href":"https:\/\/renhalikoltukyikama.com.tr\/index.php?rest_route=\/wp\/v2\/pages\/4400\/revisions"}],"predecessor-version":[{"id":24841,"href":"https:\/\/renhalikoltukyikama.com.tr\/index.php?rest_route=\/wp\/v2\/pages\/4400\/revisions\/24841"}],"wp:attachment":[{"href":"https:\/\/renhalikoltukyikama.com.tr\/index.php?rest_route=%2Fwp%2Fv2%2Fmedia&parent=4400"}],"curies":[{"name":"wp","href":"https:\/\/api.w.org\/{rel}","templated":true}]}}