{"id":24874,"date":"2025-08-11T09:54:54","date_gmt":"2025-08-11T09:54:54","guid":{"rendered":"https:\/\/renhalikoltukyikama.com.tr\/?page_id=24874"},"modified":"2025-08-11T09:56:57","modified_gmt":"2025-08-11T09:56:57","slug":"hatay-yatak-yikama","status":"publish","type":"page","link":"https:\/\/renhalikoltukyikama.com.tr\/?page_id=24874","title":{"rendered":"Hatay Yatak Y\u0131kama"},"content":{"rendered":"\t\t<div data-elementor-type=\"wp-page\" data-elementor-id=\"24874\" class=\"elementor elementor-24874\">\n\t\t\t\t\t\t<section class=\"wd-negative-gap elementor-section elementor-top-section elementor-element elementor-element-7ae8aa59 wd-section-stretch elementor-section-content-middle elementor-section-boxed elementor-section-height-default elementor-section-height-default\" data-id=\"7ae8aa59\" data-element_type=\"section\" data-settings=\"{&quot;background_background&quot;:&quot;classic&quot;}\">\n\t\t\t\t\t\t\t<div class=\"elementor-background-overlay\"><\/div>\n\t\t\t\t\t\t\t<div class=\"elementor-container elementor-column-gap-no\">\n\t\t\t\t\t<div class=\"elementor-column elementor-col-50 elementor-top-column elementor-element elementor-element-19390aa7\" data-id=\"19390aa7\" data-element_type=\"column\" data-settings=\"{&quot;background_background&quot;:&quot;classic&quot;}\">\n\t\t\t<div class=\"elementor-widget-wrap elementor-element-populated\">\n\t\t\t\t\t\t<section class=\"wd-negative-gap elementor-section elementor-inner-section elementor-element elementor-element-405dfd6a elementor-section-boxed elementor-section-height-default elementor-section-height-default\" data-id=\"405dfd6a\" data-element_type=\"section\" data-settings=\"{&quot;background_background&quot;:&quot;classic&quot;}\">\n\t\t\t\t\t\t<div class=\"elementor-container elementor-column-gap-default\">\n\t\t\t\t\t<div class=\"elementor-column elementor-col-100 elementor-inner-column elementor-element elementor-element-64b7dbe8\" data-id=\"64b7dbe8\" data-element_type=\"column\">\n\t\t\t<div class=\"elementor-widget-wrap elementor-element-populated\">\n\t\t\t\t\t\t<div class=\"elementor-element elementor-element-2382f287 wd-width-100 elementor-widget elementor-widget-wd_title\" data-id=\"2382f287\" data-element_type=\"widget\" data-widget_type=\"wd_title.default\">\n\t\t\t\t<div class=\"elementor-widget-container\">\n\t\t\t\t\t\t\t\t<link rel=\"stylesheet\" id=\"wd-section-title-css\" href=\"https:\/\/renhalikoltukyikama.com.tr\/wp-content\/themes\/woodmart\/css\/parts\/el-section-title.min.css?ver=7.6.0\" type=\"text\/css\" media=\"all\" \/> \t\t\t\t\t<div class=\"title-wrapper set-mb-s reset-last-child wd-title-color-default wd-title-style-default wd-title-size-default text-left\">\n\n\t\t\t\n\t\t\t<div class=\"liner-continer\">\n\t\t\t\t<h4 class=\"woodmart-title-container title wd-fontsize-l\">Yatak Y\u0131kama<\/h4> \n\t\t\t\t\t\t\t<\/div>\n\n\t\t\t\t\t<\/div>\n\t\t\t\t\t\t<\/div>\n\t\t\t\t<\/div>\n\t\t\t\t<div class=\"elementor-element elementor-element-2aa34a07 elementor-widget elementor-widget-wd_text_block\" data-id=\"2aa34a07\" data-element_type=\"widget\" data-widget_type=\"wd_text_block.default\">\n\t\t\t\t<div class=\"elementor-widget-container\">\n\t\t\t\t\t\t\t\t<link rel=\"stylesheet\" id=\"wd-text-block-css\" href=\"https:\/\/renhalikoltukyikama.com.tr\/wp-content\/themes\/woodmart\/css\/parts\/el-text-block.min.css?ver=7.6.0\" type=\"text\/css\" media=\"all\" \/> \t\t\t\t\t<div class=\"wd-text-block reset-last-child text-left\">\n\t\t\t\n\t\t\t<p>Yataklar, her g\u00fcn saatlerce temas etti\u011fimiz, ancak en az temizledi\u011fimiz e\u015fyalar aras\u0131nda yer al\u0131r. Zamanla ter, toz, mite, bakteri ve \u00e7e\u015fitli lekeler yata\u011f\u0131n derinlerine i\u015fler. Bu durum hem sa\u011fl\u0131\u011f\u0131n\u0131z\u0131 olumsuz etkiler hem de k\u00f6t\u00fc kokulara neden olur. <strong data-start=\"410\" data-end=\"432\">Hatay yatak y\u0131kama<\/strong> hizmetimizle, yata\u011f\u0131n\u0131z\u0131 derinlemesine temizleyerek sa\u011fl\u0131kl\u0131 ve hijyenik bir uyku ortam\u0131 sunuyoruz.<\/p>\n\t\t\t\t\t<\/div>\n\t\t\t\t\t\t<\/div>\n\t\t\t\t<\/div>\n\t\t\t\t<div class=\"elementor-element elementor-element-70abb41e elementor-widget elementor-widget-wd_text_block\" data-id=\"70abb41e\" data-element_type=\"widget\" data-widget_type=\"wd_text_block.default\">\n\t\t\t\t<div class=\"elementor-widget-container\">\n\t\t\t\t\t\t\t<div class=\"wd-text-block reset-last-child text-left\">\n\t\t\t\n\t\t\t<p><strong data-start=\"536\" data-end=\"579\">Derinlemesine Temizlik, Maksimum Hijyen<\/strong><br data-start=\"579\" data-end=\"582\" \/>Hatay\u2019da uzman ekibimiz, \u00f6zel yatak y\u0131kama makineleri ve y\u00fcksek s\u0131cakl\u0131kta buharl\u0131 temizlik y\u00f6ntemleri ile yata\u011f\u0131n\u0131zdaki bakteri ve alerjenleri yok eder. Kulland\u0131\u011f\u0131m\u0131z sa\u011fl\u0131\u011fa zarars\u0131z, \u00e7evre dostu temizlik \u00fcr\u00fcnleri sayesinde hem kuma\u015f dokusu korunur hem de sa\u011fl\u0131\u011f\u0131n\u0131z g\u00fcvence alt\u0131na al\u0131n\u0131r.<\/p>\n\t\t\t\t\t<\/div>\n\t\t\t\t\t\t<\/div>\n\t\t\t\t<\/div>\n\t\t\t\t\t<\/div>\n\t\t<\/div>\n\t\t\t\t\t<\/div>\n\t\t<\/section>\n\t\t\t\t\t<\/div>\n\t\t<\/div>\n\t\t\t\t<div class=\"elementor-column elementor-col-50 elementor-top-column elementor-element elementor-element-7957d6ea\" data-id=\"7957d6ea\" data-element_type=\"column\">\n\t\t\t<div class=\"elementor-widget-wrap elementor-element-populated\">\n\t\t\t\t\t\t<div class=\"elementor-element elementor-element-1f7e3e2a elementor-widget elementor-widget-wd_image_or_svg\" data-id=\"1f7e3e2a\" data-element_type=\"widget\" data-widget_type=\"wd_image_or_svg.default\">\n\t\t\t\t<div class=\"elementor-widget-container\">\n\t\t\t\t\t\n\t\t<div class=\"wd-image text-center\">\n\t\t\t\t\t\t\t\t<img fetchpriority=\"high\" decoding=\"async\" width=\"580\" height=\"500\" src=\"https:\/\/renhalikoltukyikama.com.tr\/wp-content\/uploads\/2025\/08\/Adsiz-tasarim-2025-08-11T125645.441.png\" class=\"attachment-full size-full\" alt=\"\" srcset=\"https:\/\/renhalikoltukyikama.com.tr\/wp-content\/uploads\/2025\/08\/Adsiz-tasarim-2025-08-11T125645.441.png 580w, https:\/\/renhalikoltukyikama.com.tr\/wp-content\/uploads\/2025\/08\/Adsiz-tasarim-2025-08-11T125645.441-348x300.png 348w, https:\/\/renhalikoltukyikama.com.tr\/wp-content\/uploads\/2025\/08\/Adsiz-tasarim-2025-08-11T125645.441-430x371.png 430w, https:\/\/renhalikoltukyikama.com.tr\/wp-content\/uploads\/2025\/08\/Adsiz-tasarim-2025-08-11T125645.441-150x129.png 150w\" sizes=\"(max-width: 580px) 100vw, 580px\" \/>\t\t\t\t\t<\/div>\n\n\t\t\t\t\t\t<\/div>\n\t\t\t\t<\/div>\n\t\t\t\t\t<\/div>\n\t\t<\/div>\n\t\t\t\t\t<\/div>\n\t\t<\/section>\n\t\t\t\t<\/div>\n\t\t","protected":false},"excerpt":{"rendered":"<p>Yatak Y\u0131kama Yataklar, her g\u00fcn saatlerce temas etti\u011fimiz, ancak en az temizledi\u011fimiz e\u015fyalar aras\u0131nda yer al\u0131r. Zamanla ter, toz, mite,<\/p>\n","protected":false},"author":1,"featured_media":0,"parent":0,"menu_order":0,"comment_status":"closed","ping_status":"closed","template":"","meta":{"footnotes":""},"class_list":["post-24874","page","type-page","status-publish","hentry"],"_links":{"self":[{"href":"https:\/\/renhalikoltukyikama.com.tr\/index.php?rest_route=\/wp\/v2\/pages\/24874","targetHints":{"allow":["GET"]}}],"collection":[{"href":"https:\/\/renhalikoltukyikama.com.tr\/index.php?rest_route=\/wp\/v2\/pages"}],"about":[{"href":"https:\/\/renhalikoltukyikama.com.tr\/index.php?rest_route=\/wp\/v2\/types\/page"}],"author":[{"embeddable":true,"href":"https:\/\/renhalikoltukyikama.com.tr\/index.php?rest_route=\/wp\/v2\/users\/1"}],"replies":[{"embeddable":true,"href":"https:\/\/renhalikoltukyikama.com.tr\/index.php?rest_route=%2Fwp%2Fv2%2Fcomments&post=24874"}],"version-history":[{"count":4,"href":"https:\/\/renhalikoltukyikama.com.tr\/index.php?rest_route=\/wp\/v2\/pages\/24874\/revisions"}],"predecessor-version":[{"id":24879,"href":"https:\/\/renhalikoltukyikama.com.tr\/index.php?rest_route=\/wp\/v2\/pages\/24874\/revisions\/24879"}],"wp:attachment":[{"href":"https:\/\/renhalikoltukyikama.com.tr\/index.php?rest_route=%2Fwp%2Fv2%2Fmedia&parent=24874"}],"curies":[{"name":"wp","href":"https:\/\/api.w.org\/{rel}","templated":true}]}}