{"id":24849,"date":"2025-08-11T09:41:34","date_gmt":"2025-08-11T09:41:34","guid":{"rendered":"https:\/\/renhalikoltukyikama.com.tr\/?page_id=24849"},"modified":"2025-08-11T09:46:35","modified_gmt":"2025-08-11T09:46:35","slug":"hatay-koltuk-yikama","status":"publish","type":"page","link":"https:\/\/renhalikoltukyikama.com.tr\/?page_id=24849","title":{"rendered":"Hatay Koltuk Y\u0131kama"},"content":{"rendered":"\t\t<div data-elementor-type=\"wp-page\" data-elementor-id=\"24849\" class=\"elementor elementor-24849\">\n\t\t\t\t\t\t<section class=\"wd-negative-gap elementor-section elementor-top-section elementor-element elementor-element-30b477f wd-section-stretch elementor-section-content-middle elementor-section-boxed elementor-section-height-default elementor-section-height-default\" data-id=\"30b477f\" data-element_type=\"section\" data-settings=\"{&quot;background_background&quot;:&quot;classic&quot;}\">\n\t\t\t\t\t\t\t<div class=\"elementor-background-overlay\"><\/div>\n\t\t\t\t\t\t\t<div class=\"elementor-container elementor-column-gap-no\">\n\t\t\t\t\t<div class=\"elementor-column elementor-col-50 elementor-top-column elementor-element elementor-element-48ba60b6\" data-id=\"48ba60b6\" data-element_type=\"column\" data-settings=\"{&quot;background_background&quot;:&quot;classic&quot;}\">\n\t\t\t<div class=\"elementor-widget-wrap elementor-element-populated\">\n\t\t\t\t\t\t<section class=\"wd-negative-gap elementor-section elementor-inner-section elementor-element elementor-element-17670a47 elementor-section-boxed elementor-section-height-default elementor-section-height-default\" data-id=\"17670a47\" data-element_type=\"section\" data-settings=\"{&quot;background_background&quot;:&quot;classic&quot;}\">\n\t\t\t\t\t\t<div class=\"elementor-container elementor-column-gap-default\">\n\t\t\t\t\t<div class=\"elementor-column elementor-col-100 elementor-inner-column elementor-element elementor-element-f3a98ed\" data-id=\"f3a98ed\" data-element_type=\"column\">\n\t\t\t<div class=\"elementor-widget-wrap elementor-element-populated\">\n\t\t\t\t\t\t<div class=\"elementor-element elementor-element-28fe268f wd-width-100 elementor-widget elementor-widget-wd_title\" data-id=\"28fe268f\" data-element_type=\"widget\" data-widget_type=\"wd_title.default\">\n\t\t\t\t<div class=\"elementor-widget-container\">\n\t\t\t\t\t\t\t\t<link rel=\"stylesheet\" id=\"wd-section-title-css\" href=\"https:\/\/renhalikoltukyikama.com.tr\/wp-content\/themes\/woodmart\/css\/parts\/el-section-title.min.css?ver=7.6.0\" type=\"text\/css\" media=\"all\" \/> \t\t\t\t\t<div class=\"title-wrapper set-mb-s reset-last-child wd-title-color-default wd-title-style-default wd-title-size-default text-left\">\n\n\t\t\t\n\t\t\t<div class=\"liner-continer\">\n\t\t\t\t<h4 class=\"woodmart-title-container title wd-fontsize-l\">Koltuk Y\u0131kama<\/h4> \n\t\t\t\t\t\t\t<\/div>\n\n\t\t\t\t\t<\/div>\n\t\t\t\t\t\t<\/div>\n\t\t\t\t<\/div>\n\t\t\t\t<div class=\"elementor-element elementor-element-2afc52b1 elementor-widget elementor-widget-wd_text_block\" data-id=\"2afc52b1\" data-element_type=\"widget\" data-widget_type=\"wd_text_block.default\">\n\t\t\t\t<div class=\"elementor-widget-container\">\n\t\t\t\t\t\t\t\t<link rel=\"stylesheet\" id=\"wd-text-block-css\" href=\"https:\/\/renhalikoltukyikama.com.tr\/wp-content\/themes\/woodmart\/css\/parts\/el-text-block.min.css?ver=7.6.0\" type=\"text\/css\" media=\"all\" \/> \t\t\t\t\t<div class=\"wd-text-block reset-last-child text-left\">\n\t\t\t\n\t\t\t<p>Koltuklar, g\u00fcnl\u00fck kullan\u0131mda en \u00e7ok kirlenen ve en fazla bakteri bar\u0131nd\u0131ran e\u015fyalar aras\u0131nda yer al\u0131r. G\u00f6zle g\u00f6r\u00fclmeyen toz, kir, leke ve k\u00f6t\u00fc kokular zamanla hem koltu\u011funuzun g\u00f6r\u00fcn\u00fcm\u00fcn\u00fc bozar hem de sa\u011fl\u0131\u011f\u0131n\u0131z\u0131 olumsuz etkiler. <strong data-start=\"389\" data-end=\"412\">Hatay koltuk y\u0131kama<\/strong> hizmetimizle, koltuklar\u0131n\u0131z\u0131 ilk g\u00fcnk\u00fc temizli\u011fine ve ferahl\u0131\u011f\u0131na kavu\u015fturuyoruz.<\/p>\n\t\t\t\t\t<\/div>\n\t\t\t\t\t\t<\/div>\n\t\t\t\t<\/div>\n\t\t\t\t<div class=\"elementor-element elementor-element-4669b2c3 elementor-widget elementor-widget-wd_text_block\" data-id=\"4669b2c3\" data-element_type=\"widget\" data-widget_type=\"wd_text_block.default\">\n\t\t\t\t<div class=\"elementor-widget-container\">\n\t\t\t\t\t\t\t<div class=\"wd-text-block reset-last-child text-left\">\n\t\t\t\n\t\t\t<p><strong data-start=\"498\" data-end=\"544\">Profesyonel Temizlik, Derinlemesine Hijyen<\/strong><br data-start=\"544\" data-end=\"547\" \/>Hatay\u2019da uzman ekibimiz ve son teknoloji buharl\u0131 y\u0131kama makinelerimizle, koltuk kuma\u015f\u0131n\u0131za zarar vermeden derinlemesine temizlik sa\u011fl\u0131yoruz. Kulland\u0131\u011f\u0131m\u0131z \u00e7evre dostu ve sa\u011fl\u0131\u011fa zarars\u0131z temizlik \u00fcr\u00fcnleri, \u00e7ocuklar\u0131n\u0131z ve evcil hayvanlar\u0131n\u0131z i\u00e7in g\u00fcvenlidir.<\/p>\n\t\t\t\t\t<\/div>\n\t\t\t\t\t\t<\/div>\n\t\t\t\t<\/div>\n\t\t\t\t\t<\/div>\n\t\t<\/div>\n\t\t\t\t\t<\/div>\n\t\t<\/section>\n\t\t\t\t\t<\/div>\n\t\t<\/div>\n\t\t\t\t<div class=\"elementor-column elementor-col-50 elementor-top-column elementor-element elementor-element-23fb3fce\" data-id=\"23fb3fce\" data-element_type=\"column\">\n\t\t\t<div class=\"elementor-widget-wrap elementor-element-populated\">\n\t\t\t\t\t\t<div class=\"elementor-element elementor-element-65a643ec elementor-widget elementor-widget-wd_image_or_svg\" data-id=\"65a643ec\" data-element_type=\"widget\" data-widget_type=\"wd_image_or_svg.default\">\n\t\t\t\t<div class=\"elementor-widget-container\">\n\t\t\t\t\t\n\t\t<div class=\"wd-image text-center\">\n\t\t\t\t\t\t\t\t<img fetchpriority=\"high\" decoding=\"async\" width=\"580\" height=\"500\" src=\"https:\/\/renhalikoltukyikama.com.tr\/wp-content\/uploads\/2025\/08\/Adsiz-tasarim-2025-08-11T124607.284.png\" class=\"attachment-full size-full\" alt=\"\" srcset=\"https:\/\/renhalikoltukyikama.com.tr\/wp-content\/uploads\/2025\/08\/Adsiz-tasarim-2025-08-11T124607.284.png 580w, https:\/\/renhalikoltukyikama.com.tr\/wp-content\/uploads\/2025\/08\/Adsiz-tasarim-2025-08-11T124607.284-348x300.png 348w, https:\/\/renhalikoltukyikama.com.tr\/wp-content\/uploads\/2025\/08\/Adsiz-tasarim-2025-08-11T124607.284-430x371.png 430w, https:\/\/renhalikoltukyikama.com.tr\/wp-content\/uploads\/2025\/08\/Adsiz-tasarim-2025-08-11T124607.284-150x129.png 150w\" sizes=\"(max-width: 580px) 100vw, 580px\" \/>\t\t\t\t\t<\/div>\n\n\t\t\t\t\t\t<\/div>\n\t\t\t\t<\/div>\n\t\t\t\t\t<\/div>\n\t\t<\/div>\n\t\t\t\t\t<\/div>\n\t\t<\/section>\n\t\t\t\t<\/div>\n\t\t","protected":false},"excerpt":{"rendered":"<p>Koltuk Y\u0131kama Koltuklar, g\u00fcnl\u00fck kullan\u0131mda en \u00e7ok kirlenen ve en fazla bakteri bar\u0131nd\u0131ran e\u015fyalar aras\u0131nda yer al\u0131r. G\u00f6zle g\u00f6r\u00fclmeyen toz,<\/p>\n","protected":false},"author":1,"featured_media":0,"parent":0,"menu_order":0,"comment_status":"closed","ping_status":"closed","template":"","meta":{"footnotes":""},"class_list":["post-24849","page","type-page","status-publish","hentry"],"_links":{"self":[{"href":"https:\/\/renhalikoltukyikama.com.tr\/index.php?rest_route=\/wp\/v2\/pages\/24849","targetHints":{"allow":["GET"]}}],"collection":[{"href":"https:\/\/renhalikoltukyikama.com.tr\/index.php?rest_route=\/wp\/v2\/pages"}],"about":[{"href":"https:\/\/renhalikoltukyikama.com.tr\/index.php?rest_route=\/wp\/v2\/types\/page"}],"author":[{"embeddable":true,"href":"https:\/\/renhalikoltukyikama.com.tr\/index.php?rest_route=\/wp\/v2\/users\/1"}],"replies":[{"embeddable":true,"href":"https:\/\/renhalikoltukyikama.com.tr\/index.php?rest_route=%2Fwp%2Fv2%2Fcomments&post=24849"}],"version-history":[{"count":4,"href":"https:\/\/renhalikoltukyikama.com.tr\/index.php?rest_route=\/wp\/v2\/pages\/24849\/revisions"}],"predecessor-version":[{"id":24859,"href":"https:\/\/renhalikoltukyikama.com.tr\/index.php?rest_route=\/wp\/v2\/pages\/24849\/revisions\/24859"}],"wp:attachment":[{"href":"https:\/\/renhalikoltukyikama.com.tr\/index.php?rest_route=%2Fwp%2Fv2%2Fmedia&parent=24849"}],"curies":[{"name":"wp","href":"https:\/\/api.w.org\/{rel}","templated":true}]}}